{"id":37,"date":"2022-02-11T21:44:38","date_gmt":"2022-02-12T00:44:38","guid":{"rendered":"https:\/\/shine-tech.com.ar\/?page_id=37"},"modified":"2025-05-07T10:22:45","modified_gmt":"2025-05-07T13:22:45","slug":"la-empresa","status":"publish","type":"page","link":"https:\/\/shine-tech.com.ar\/?page_id=37","title":{"rendered":"La Empresa"},"content":{"rendered":"\t\t<div data-elementor-type=\"wp-page\" data-elementor-id=\"37\" class=\"elementor elementor-37\">\n\t\t\t\t\t\t\t\t\t<section class=\"elementor-section elementor-top-section elementor-element elementor-element-91a3130 elementor-section-full_width elementor-section-height-min-height elementor-section-height-default elementor-section-items-middle\" data-id=\"91a3130\" data-element_type=\"section\" data-settings=\"{&quot;background_background&quot;:&quot;classic&quot;}\">\n\t\t\t\t\t\t<div class=\"elementor-container elementor-column-gap-default\">\n\t\t\t\t\t<div class=\"elementor-column elementor-col-100 elementor-top-column elementor-element elementor-element-b241251\" data-id=\"b241251\" data-element_type=\"column\">\n\t\t\t<div class=\"elementor-widget-wrap\">\n\t\t\t\t\t\t\t\t\t<\/div>\n\t\t<\/div>\n\t\t\t\t\t\t\t<\/div>\n\t\t<\/section>\n\t\t\t\t<section class=\"elementor-section elementor-top-section elementor-element elementor-element-105c16d elementor-section-boxed elementor-section-height-default elementor-section-height-default\" data-id=\"105c16d\" data-element_type=\"section\" data-settings=\"{&quot;background_background&quot;:&quot;classic&quot;}\">\n\t\t\t\t\t\t<div class=\"elementor-container elementor-column-gap-default\">\n\t\t\t\t\t<div class=\"elementor-column elementor-col-50 elementor-top-column elementor-element elementor-element-e6644eb\" data-id=\"e6644eb\" data-element_type=\"column\">\n\t\t\t<div class=\"elementor-widget-wrap elementor-element-populated\">\n\t\t\t\t\t\t\t\t<div class=\"elementor-element elementor-element-d406123 elementor-widget elementor-widget-heading\" data-id=\"d406123\" data-element_type=\"widget\" data-widget_type=\"heading.default\">\n\t\t\t\t<div class=\"elementor-widget-container\">\n\t\t\t<style>\/*! elementor - v3.18.0 - 20-12-2023 *\/\n.elementor-heading-title{padding:0;margin:0;line-height:1}.elementor-widget-heading .elementor-heading-title[class*=elementor-size-]>a{color:inherit;font-size:inherit;line-height:inherit}.elementor-widget-heading .elementor-heading-title.elementor-size-small{font-size:15px}.elementor-widget-heading .elementor-heading-title.elementor-size-medium{font-size:19px}.elementor-widget-heading .elementor-heading-title.elementor-size-large{font-size:29px}.elementor-widget-heading .elementor-heading-title.elementor-size-xl{font-size:39px}.elementor-widget-heading .elementor-heading-title.elementor-size-xxl{font-size:59px}<\/style><h2 class=\"elementor-heading-title elementor-size-default\">\u00bfQui\u00e9nes Somos?<\/h2>\t\t<\/div>\n\t\t\t\t<\/div>\n\t\t\t\t<div class=\"elementor-element elementor-element-d1e8caa elementor-widget elementor-widget-text-editor\" data-id=\"d1e8caa\" data-element_type=\"widget\" data-widget_type=\"text-editor.default\">\n\t\t\t\t<div class=\"elementor-widget-container\">\n\t\t\t<style>\/*! elementor - v3.18.0 - 20-12-2023 *\/\n.elementor-widget-text-editor.elementor-drop-cap-view-stacked .elementor-drop-cap{background-color:#69727d;color:#fff}.elementor-widget-text-editor.elementor-drop-cap-view-framed .elementor-drop-cap{color:#69727d;border:3px solid;background-color:transparent}.elementor-widget-text-editor:not(.elementor-drop-cap-view-default) .elementor-drop-cap{margin-top:8px}.elementor-widget-text-editor:not(.elementor-drop-cap-view-default) .elementor-drop-cap-letter{width:1em;height:1em}.elementor-widget-text-editor .elementor-drop-cap{float:left;text-align:center;line-height:1;font-size:50px}.elementor-widget-text-editor .elementor-drop-cap-letter{display:inline-block}<\/style>\t\t\t\t<p>Somos una empresa familiar, creada en el a\u00f1o 2011. Desde entonces nos encontramos en constante crecimiento, creando soluciones para el mercado de la sublimaci\u00f3n<b>.<\/b><\/p><p><b>\u00a0<\/b><\/p><p>En nuestra trayectoria hemos logrado desarrollar el <u><b>Vinilo Sublimable Shine-Tech<\/b><\/u>. Es el vinilo N\u00b01 por excelencia del mercado nacional desde el 2019, siendo el <em><b>\u00fanico vinilo sublimable de fabricaci\u00f3n nacional.<\/b> <\/em>Adem\u00e1s es el que mejor resultados brinda a la hora de sublimar y adherirse a las superficies.<\/p><p>\u00a0<\/p><p>Nos conocen por decir SI a cada sugerencia de nuestros clientes. Intentamos llevar a cabo cualquier idea, por loca que pueda parecer, creando nuevos e innovadores productos.\u00a0<\/p><p>De esta forma logramos implementar, y resolver, los problemas cotidianos de quienes se dedican a personalizar todo tipo de art\u00edculos por medio de la transferencia de tinta con calor, m\u00e1s conocida como <b><u>sublimaci\u00f3n<\/u><\/b>.\u00a0<\/p><p>\u00a0<\/p><p>Nos caracteriza la velocidad en los tiempos de proceso y entrega de nuestros materiales.<\/p><p>Es uno de nuestros principales objetivos, ya que entendemos que nuestros clientes necesitan disponer de los materiales inmediatamente. Por eso contamos con un amplio stock de permanente mercader\u00eda en dep\u00f3sito y un equipo de trabajo especializado en la producci\u00f3n de nuestros materiales.<\/p><p>\u00a0<\/p><p>\u00a0<\/p><p>Somos fabricantes.<\/p><p>Somos Shine-Tech S.A.<\/p>\t\t\t\t\t\t<\/div>\n\t\t\t\t<\/div>\n\t\t\t\t\t<\/div>\n\t\t<\/div>\n\t\t\t\t<div class=\"elementor-column elementor-col-50 elementor-top-column elementor-element elementor-element-d4d6e74\" data-id=\"d4d6e74\" data-element_type=\"column\">\n\t\t\t<div class=\"elementor-widget-wrap elementor-element-populated\">\n\t\t\t\t\t\t\t\t<div class=\"elementor-element elementor-element-65e1285 elementor-widget elementor-widget-heading\" data-id=\"65e1285\" data-element_type=\"widget\" data-widget_type=\"heading.default\">\n\t\t\t\t<div class=\"elementor-widget-container\">\n\t\t\t<h2 class=\"elementor-heading-title elementor-size-default\">Misi\u00f3n y visi\u00f3n<\/h2>\t\t<\/div>\n\t\t\t\t<\/div>\n\t\t\t\t<div class=\"elementor-element elementor-element-f50ae47 elementor-widget elementor-widget-text-editor\" data-id=\"f50ae47\" data-element_type=\"widget\" data-widget_type=\"text-editor.default\">\n\t\t\t\t<div class=\"elementor-widget-container\">\n\t\t\t\t\t\t\t<p>Nuestra Misi\u00f3n es implementar sistemas sublimables sobre diversos materiales. En simples palabras, hacemos sublimable casi cualquier material mediante procesos de polimerizaci\u00f3n, acidificaci\u00f3n, vulcanizaci\u00f3n, etc.: seg\u00fan lo requiera el material base a tratar.<\/p>\n<p>Nuestro equipo de laboratorio, con m\u00e1s de 10 a\u00f1os de experiencia en sistemas sublimables, trabaja permanentemente en desarrollos innovadores que logren satisfacer las necesidades de nuestros clientes, y del mercado en general.<\/p>\n<p><br><\/p>\n<p>Resulta necesario crear, a\u00f1o tras a\u00f1o, materiales nuevos que se adapten a las exigencias del mercado actual.&nbsp;<\/p>\n<p><span style=\"font-style: inherit;\">Dando durabilidad en las estampas que reemplazan cada vez m\u00e1s a la impresi\u00f3n convencional justamente por ser permanentes y de bajo costo de impresi\u00f3n.&nbsp;<\/span><\/p>\n<p><span style=\"font-style: inherit; font-weight: inherit;\">&nbsp;<\/span><\/p>\n<p><b>Por esto la Visi\u00f3n de Shine-Tech S.A. es convertirse en la empresa m\u00e1s innovadora del sector, brind\u00e1ndole a sus clientes los mejores, y m\u00e1s vers\u00e1tiles productos, con la calidad y durabilidad a las que ya los tenemos acostumbrados.<\/b><\/p>\n<p><br><\/p>\n<p>Somos fabricantes.<\/p>\n<p>Somos Shine-Tech.<\/p>\n<p>Nuestra misi\u00f3n es acompa\u00f1arlos, con la mejor relaci\u00f3n de calidad y precio.&nbsp;<\/p><p><br><\/p><p><br><\/p><p><br><\/p><p><br><\/p><p><br><\/p>\n<p><\/p>\t\t\t\t\t\t<\/div>\n\t\t\t\t<\/div>\n\t\t\t\t\t<\/div>\n\t\t<\/div>\n\t\t\t\t\t\t\t<\/div>\n\t\t<\/section>\n\t\t\t\t<section class=\"elementor-section elementor-top-section elementor-element elementor-element-e861991 elementor-section-boxed elementor-section-height-default elementor-section-height-default\" data-id=\"e861991\" data-element_type=\"section\" data-settings=\"{&quot;background_background&quot;:&quot;classic&quot;}\">\n\t\t\t\t\t\t<div class=\"elementor-container elementor-column-gap-default\">\n\t\t\t\t\t<div class=\"elementor-column elementor-col-100 elementor-top-column elementor-element elementor-element-f651064 elementor-invisible\" data-id=\"f651064\" data-element_type=\"column\" data-settings=\"{&quot;animation&quot;:&quot;fadeInUp&quot;}\">\n\t\t\t<div class=\"elementor-widget-wrap elementor-element-populated\">\n\t\t\t\t\t\t\t\t<div class=\"elementor-element elementor-element-f90f58d elementor-widget elementor-widget-image\" data-id=\"f90f58d\" data-element_type=\"widget\" data-widget_type=\"image.default\">\n\t\t\t\t<div class=\"elementor-widget-container\">\n\t\t\t<style>\/*! elementor - v3.18.0 - 20-12-2023 *\/\n.elementor-widget-image{text-align:center}.elementor-widget-image a{display:inline-block}.elementor-widget-image a img[src$=\".svg\"]{width:48px}.elementor-widget-image img{vertical-align:middle;display:inline-block}<\/style>\t\t\t\t\t\t\t\t\t\t\t\t\t<a href=\"https:\/\/shine-tech.com.ar\/\">\n\t\t\t\t\t\t\t<img fetchpriority=\"high\" decoding=\"async\" width=\"1024\" height=\"115\" src=\"https:\/\/shine-tech.com.ar\/wp-content\/uploads\/2024\/08\/volver-al-inicio-1024x115.png\" class=\"elementor-animation-wobble-horizontal attachment-large size-large wp-image-1346\" alt=\"\" srcset=\"https:\/\/shine-tech.com.ar\/wp-content\/uploads\/2024\/08\/volver-al-inicio-1024x115.png 1024w, https:\/\/shine-tech.com.ar\/wp-content\/uploads\/2024\/08\/volver-al-inicio-300x34.png 300w, https:\/\/shine-tech.com.ar\/wp-content\/uploads\/2024\/08\/volver-al-inicio-768x87.png 768w, https:\/\/shine-tech.com.ar\/wp-content\/uploads\/2024\/08\/volver-al-inicio-1536x173.png 1536w, https:\/\/shine-tech.com.ar\/wp-content\/uploads\/2024\/08\/volver-al-inicio-2048x231.png 2048w, https:\/\/shine-tech.com.ar\/wp-content\/uploads\/2024\/08\/volver-al-inicio-600x68.png 600w\" sizes=\"(max-width: 1024px) 100vw, 1024px\" \/>\t\t\t\t\t\t\t\t<\/a>\n\t\t\t\t\t\t\t\t\t\t\t\t\t\t\t<\/div>\n\t\t\t\t<\/div>\n\t\t\t\t\t<\/div>\n\t\t<\/div>\n\t\t\t\t\t\t\t<\/div>\n\t\t<\/section>\n\t\t\t\t\t\t\t<\/div>\n\t\t","protected":false},"excerpt":{"rendered":"<p>\u00bfQui\u00e9nes Somos? Somos una empresa familiar, creada en el a\u00f1o 2011. Desde entonces nos encontramos en constante crecimiento, creando soluciones para el mercado de la sublimaci\u00f3n. \u00a0 En nuestra trayectoria hemos logrado desarrollar el Vinilo Sublimable Shine-Tech. Es el vinilo N\u00b01 por excelencia del mercado nacional desde el 2019, siendo el \u00fanico vinilo sublimable de &hellip;<\/p>\n<p class=\"read-more\"> <a class=\"\" href=\"https:\/\/shine-tech.com.ar\/?page_id=37\"> <span class=\"screen-reader-text\">La Empresa<\/span> Leer m\u00e1s &raquo;<\/a><\/p>\n","protected":false},"author":1,"featured_media":0,"parent":0,"menu_order":0,"comment_status":"closed","ping_status":"closed","template":"","meta":{"site-sidebar-layout":"no-sidebar","site-content-layout":"page-builder","ast-main-header-display":"","ast-hfb-above-header-display":"","ast-hfb-below-header-display":"","ast-hfb-mobile-header-display":"","site-post-title":"disabled","ast-breadcrumbs-content":"","ast-featured-img":"disabled","footer-sml-layout":"","theme-transparent-header-meta":"","adv-header-id-meta":"","stick-header-meta":"","header-above-stick-meta":"","header-main-stick-meta":"","header-below-stick-meta":"","_joinchat":[],"footnotes":""},"class_list":["post-37","page","type-page","status-publish","hentry"],"_links":{"self":[{"href":"https:\/\/shine-tech.com.ar\/index.php?rest_route=\/wp\/v2\/pages\/37","targetHints":{"allow":["GET"]}}],"collection":[{"href":"https:\/\/shine-tech.com.ar\/index.php?rest_route=\/wp\/v2\/pages"}],"about":[{"href":"https:\/\/shine-tech.com.ar\/index.php?rest_route=\/wp\/v2\/types\/page"}],"author":[{"embeddable":true,"href":"https:\/\/shine-tech.com.ar\/index.php?rest_route=\/wp\/v2\/users\/1"}],"replies":[{"embeddable":true,"href":"https:\/\/shine-tech.com.ar\/index.php?rest_route=%2Fwp%2Fv2%2Fcomments&post=37"}],"version-history":[{"count":73,"href":"https:\/\/shine-tech.com.ar\/index.php?rest_route=\/wp\/v2\/pages\/37\/revisions"}],"predecessor-version":[{"id":1642,"href":"https:\/\/shine-tech.com.ar\/index.php?rest_route=\/wp\/v2\/pages\/37\/revisions\/1642"}],"wp:attachment":[{"href":"https:\/\/shine-tech.com.ar\/index.php?rest_route=%2Fwp%2Fv2%2Fmedia&parent=37"}],"curies":[{"name":"wp","href":"https:\/\/api.w.org\/{rel}","templated":true}]}}